{"id":2243,"date":"2020-05-04T11:42:00","date_gmt":"2020-05-04T11:42:00","guid":{"rendered":"https:\/\/viumontserrat.com\/?page_id=2243"},"modified":"2020-06-27T09:30:51","modified_gmt":"2020-06-27T09:30:51","slug":"les-persones","status":"publish","type":"page","link":"https:\/\/viumontserrat.com\/index.php\/les-persones\/","title":{"rendered":"Les persones"},"content":{"rendered":"<p>[vc_row][vc_column][vc_column_text]<\/p>\n<h2><img loading=\"lazy\" decoding=\"async\" class=\"alignright wp-image-2244 size-large\" src=\"https:\/\/viumontserrat.com\/wp-content\/uploads\/2020\/05\/Un-bon-esmorzar-amb-productes-horganics-i-de-proximitat-683x1024.jpg\" alt=\"\" width=\"683\" height=\"1024\" srcset=\"https:\/\/viumontserrat.com\/wp-content\/uploads\/2020\/05\/Un-bon-esmorzar-amb-productes-horganics-i-de-proximitat-683x1024.jpg 683w, https:\/\/viumontserrat.com\/wp-content\/uploads\/2020\/05\/Un-bon-esmorzar-amb-productes-horganics-i-de-proximitat-200x300.jpg 200w, https:\/\/viumontserrat.com\/wp-content\/uploads\/2020\/05\/Un-bon-esmorzar-amb-productes-horganics-i-de-proximitat-768x1152.jpg 768w, https:\/\/viumontserrat.com\/wp-content\/uploads\/2020\/05\/Un-bon-esmorzar-amb-productes-horganics-i-de-proximitat-53x80.jpg 53w, https:\/\/viumontserrat.com\/wp-content\/uploads\/2020\/05\/Un-bon-esmorzar-amb-productes-horganics-i-de-proximitat-1024x1536.jpg 1024w, https:\/\/viumontserrat.com\/wp-content\/uploads\/2020\/05\/Un-bon-esmorzar-amb-productes-horganics-i-de-proximitat-1365x2048.jpg 1365w, https:\/\/viumontserrat.com\/wp-content\/uploads\/2020\/05\/Un-bon-esmorzar-amb-productes-horganics-i-de-proximitat-scaled.jpg 1707w\" sizes=\"auto, (max-width: 683px) 100vw, 683px\" \/>La Conxita<\/h2>\n<p>&nbsp;<\/p>\n<p>La Conxita \u00e9s la propiet\u00e0ria de Cal Jepet de la Calsina i qui es preocupa que totes les persones que arriben a casa seva se sentin cuidats i puguin gaudir d&#8217;una experi\u00e8ncia \u00fanica.<\/p>\n<p>&nbsp;<\/p>\n<p>Bona cuinera i gran coneixedora de la flora i la fauna de Montserrat. Ella us far\u00e0 sentir com a casa i us aconsellar\u00e0 llocs per visitar o activitats per fer.<\/p>\n<p>&nbsp;<\/p>\n<p>La seva una fam\u00edlia ve d&#8217;una llarga tradici\u00f3 en compartir la seva casa amb persones de tot el m\u00f3n. Fa m\u00e9s de trenta anys que, participant en el Festival Internacional de Cant Coral Catalunya Centre, que se celebra cada any al municipi, en el qual han conviscut amb persones de diversos pa\u00efsos. Tamb\u00e9 han tingut l&#8217;oportunitat de viatjar, con\u00e8ixer i gaudir de costums d&#8217;altres parts del m\u00f3n. I ara la casa familiar de principis del siglo XIX els dona l&#8217;oportunitat de donar a con\u00e8ixer la nostra cultura, tradicions i gastronomia.<\/p>\n<p>&nbsp;<\/p>\n<p><a href=\"https:\/\/www.airbnb.co.uk\/users\/show\/19083971\">Vegeu-ne les valoracions<\/a>.[\/vc_column_text][\/vc_column][\/vc_row]<\/p>\n","protected":false},"excerpt":{"rendered":"<p>[vc_row][vc_column][vc_column_text] La Conxita &nbsp; La Conxita \u00e9s la propiet\u00e0ria de Cal Jepet de la Calsina i qui es preocupa que totes les persones que arriben a casa seva se sentin cuidats i puguin gaudir d&#8217;una experi\u00e8ncia \u00fanica. &nbsp; Bona cuinera i gran coneixedora de la flora i la fauna de Montserrat. Ella us far\u00e0 sentir [&hellip;]<\/p>\n","protected":false},"author":1,"featured_media":0,"parent":0,"menu_order":0,"comment_status":"closed","ping_status":"closed","template":"","meta":{"footnotes":""},"class_list":["post-2243","page","type-page","status-publish","hentry"],"_links":{"self":[{"href":"https:\/\/viumontserrat.com\/index.php\/wp-json\/wp\/v2\/pages\/2243","targetHints":{"allow":["GET"]}}],"collection":[{"href":"https:\/\/viumontserrat.com\/index.php\/wp-json\/wp\/v2\/pages"}],"about":[{"href":"https:\/\/viumontserrat.com\/index.php\/wp-json\/wp\/v2\/types\/page"}],"author":[{"embeddable":true,"href":"https:\/\/viumontserrat.com\/index.php\/wp-json\/wp\/v2\/users\/1"}],"replies":[{"embeddable":true,"href":"https:\/\/viumontserrat.com\/index.php\/wp-json\/wp\/v2\/comments?post=2243"}],"version-history":[{"count":7,"href":"https:\/\/viumontserrat.com\/index.php\/wp-json\/wp\/v2\/pages\/2243\/revisions"}],"predecessor-version":[{"id":2386,"href":"https:\/\/viumontserrat.com\/index.php\/wp-json\/wp\/v2\/pages\/2243\/revisions\/2386"}],"wp:attachment":[{"href":"https:\/\/viumontserrat.com\/index.php\/wp-json\/wp\/v2\/media?parent=2243"}],"curies":[{"name":"wp","href":"https:\/\/api.w.org\/{rel}","templated":true}]}}